{"id":2,"date":"2025-01-04T10:36:13","date_gmt":"2025-01-04T10:36:13","guid":{"rendered":"https:\/\/www.publicmendez.com\/new\/?page_id=2"},"modified":"2025-01-08T15:09:29","modified_gmt":"2025-01-08T15:09:29","slug":"sample-page","status":"publish","type":"page","link":"https:\/\/www.publicmendez.com\/new\/sample-page\/","title":{"rendered":"Nosotros"},"content":{"rendered":"\t\t<div data-elementor-type=\"wp-page\" data-elementor-id=\"2\" class=\"elementor elementor-2\">\n\t\t\t\t<div class=\"elementor-element elementor-element-25a13b2 e-flex e-con-boxed e-con e-parent\" data-id=\"25a13b2\" data-element_type=\"container\" data-e-type=\"container\">\n\t\t\t\t\t<div class=\"e-con-inner\">\n\t\t\t\t<div class=\"elementor-element elementor-element-39fc4599 elementor-widget elementor-widget-text-editor\" data-id=\"39fc4599\" data-element_type=\"widget\" data-e-type=\"widget\" data-widget_type=\"text-editor.default\">\n\t\t\t\t<div class=\"elementor-widget-container\">\n\t\t\t\t\t\t\t\t\t\n<h2>Sobre Nosotros<\/h2>\n<p>PUBLICMENDEZ, es una empresa dedicada a la venta de productos publicitarios tanto exterior como interior fundada por el Lic. Leonardo M\u00e9ndez. En sus comienzos comenz\u00f3 con la venta de vinilos troquelados para la decoraci\u00f3n de carros, motos, buses, etc., y pel\u00edculas polarizadas, siendo estos sus principales productos, la venta de gigantograf\u00edas en lonas y vinilos, estaba ubicada como segunda opci\u00f3n, ya que no contaba con la m\u00e1quina para imprimir por lo que ten\u00eda que realizar en otros lados, utilizando la faceta de intermediario.<\/p>\n<h2>Viviendo el Sue\u00f1o<\/h2>\n\n<div class=\"et_pb_module et_pb_text et_pb_text_3  et_pb_text_align_left et_pb_bg_layout_light\">\n<div class=\"et_pb_text_inner\">\n<p>La empresa ten\u00eda un solo trabajador (El due\u00f1o), luego de 8 meses se sum\u00f3 su primo, el Ing. Gabriel Ordo\u00f1ez. Por este tiempo compr\u00f3 la m\u00e1quina de impresi\u00f3n, la infraestructura se hizo m\u00e1s grande, ya que el espacio de trabajo era peque\u00f1o y era necesario ubicar la impresora en sitio adecuado. Las gigantograf\u00edas se convirtieron en el producto estrella.<\/p>\n<p>En la actualidad cuenta con 5 trabajadores y la cartera de productos ha crecido, no solo ofrece vinilos troquelados, pel\u00edculas polarizadas y gigantograf\u00edas, sino que tambi\u00e9n, carteles luminosos y opacos, microperforados, estampado de camisetas y jarros, enfoc\u00e1ndose de esta manera a nuevos mercados.<\/p>\n<p>La empresa espera seguir captando nuevos nichos de mercado y estar en constante desarrollo.<\/p>\n<\/div>\n<\/div>\n\t\t\t\t\t\t\t\t<\/div>\n\t\t\t\t<\/div>\n\t\t\t\t\t<\/div>\n\t\t\t\t<\/div>\n\t\t\t\t<\/div>\n\t\t","protected":false},"excerpt":{"rendered":"<p>Sobre Nosotros PUBLICMENDEZ, es una empresa dedicada a la venta de productos publicitarios tanto exterior como interior fundada por el Lic. Leonardo M\u00e9ndez. En sus comienzos comenz\u00f3 con la venta<\/p>\n","protected":false},"author":1,"featured_media":0,"parent":0,"menu_order":0,"comment_status":"closed","ping_status":"open","template":"","meta":{"footnotes":""},"class_list":{"1":"page","2":"type-page","3":"status-publish","4":"hentry"},"_links":{"self":[{"href":"https:\/\/www.publicmendez.com\/new\/wp-json\/wp\/v2\/pages\/2","targetHints":{"allow":["GET"]}}],"collection":[{"href":"https:\/\/www.publicmendez.com\/new\/wp-json\/wp\/v2\/pages"}],"about":[{"href":"https:\/\/www.publicmendez.com\/new\/wp-json\/wp\/v2\/types\/page"}],"author":[{"embeddable":true,"href":"https:\/\/www.publicmendez.com\/new\/wp-json\/wp\/v2\/users\/1"}],"replies":[{"embeddable":true,"href":"https:\/\/www.publicmendez.com\/new\/wp-json\/wp\/v2\/comments?post=2"}],"version-history":[{"count":4,"href":"https:\/\/www.publicmendez.com\/new\/wp-json\/wp\/v2\/pages\/2\/revisions"}],"predecessor-version":[{"id":827,"href":"https:\/\/www.publicmendez.com\/new\/wp-json\/wp\/v2\/pages\/2\/revisions\/827"}],"wp:attachment":[{"href":"https:\/\/www.publicmendez.com\/new\/wp-json\/wp\/v2\/media?parent=2"}],"curies":[{"name":"wp","href":"https:\/\/api.w.org\/{rel}","templated":true}]}}